{"id":10,"date":"2018-11-27T10:46:45","date_gmt":"2018-11-27T10:46:45","guid":{"rendered":"https:\/\/leschuna.de\/?page_id=10"},"modified":"2026-01-22T09:38:27","modified_gmt":"2026-01-22T08:38:27","slug":"das-bieten-wir-an","status":"publish","type":"page","link":"https:\/\/leschuna.de\/index.php\/das-bieten-wir-an\/","title":{"rendered":"Aktuelles und Veranstaltungen"},"content":{"rendered":"<div id=\"team-2\" class=\"team-5 content-section content-section-spacing\" data-id=\"team--2\" data-label=\"Team\" data-export-id=\"team-5\" data-category=\"team\">\n<div class=\"gridContainer\">\n<div class=\"row text-center\" style=\"text-align: center;\">\n<div class=\"section-title-col\" data-type=\"column\">\n<h2><img loading=\"lazy\" decoding=\"async\" class=\"alignnone  wp-image-409\" src=\"https:\/\/leschuna.de\/wp-content\/uploads\/2019\/03\/DSC_0487-300x199.jpg\" alt=\"\" width=\"335\" height=\"222\" srcset=\"https:\/\/leschuna.de\/wp-content\/uploads\/2019\/03\/DSC_0487-300x199.jpg 300w, https:\/\/leschuna.de\/wp-content\/uploads\/2019\/03\/DSC_0487-768x511.jpg 768w, https:\/\/leschuna.de\/wp-content\/uploads\/2019\/03\/DSC_0487-1024x681.jpg 1024w, https:\/\/leschuna.de\/wp-content\/uploads\/2019\/03\/DSC_0487-1624x1080.jpg 1624w\" sizes=\"auto, (max-width: 335px) 100vw, 335px\" \/><\/h2>\n<h2>Aktuelles und Veranstaltungen<\/h2>\n<p>Liebe Freundinnen und Freunde der LebensSchuleNatur.<\/p>\n<p>Die Lama- und Alpakaspazierg\u00e4nge finden jeweils Sonntags ab 11.00 Uhr statt. Hier ist eine Anmeldung erforderlich da nur eine begrenzte Teilnehmerzahl m\u00f6glich ist. N\u00e4here Informationen, Terminanfragen zu der Durchf\u00fchrung unserer Veranstaltung, k\u00f6nnt Ihr per E-Mail (leschuna@web.de) erhalten.<\/p>\n<h2><strong>NEU!NEUE!NEU!<\/strong><\/h2>\n<h4>Folge unserem neuen WhatsApp Kanal: LebensSchuleNatur e.V.<\/h4>\n<p>Zu allen Veranstaltungen finden Sie weitere Informationen im Veranstaltungskalender. Ein Klick auf das jeweilige Angebot und die Infos erscheinen dort.<\/p>\n<h4>Hier geht es zu unserem Veranstaltungskalender mit allen weiteren Informationen \u00fcber unsere Veranstaltungen&#8230;.<\/h4>\n<h4><a href=\"https:\/\/leschuna.de\/index.php\/veranstaltungen\/\">Klick hier<\/a><\/h4>\n<p><span style=\"color: #000000; font-family: Calibri;\">Das Ziel der LebensSchuleNatur lautet: \u201eMenschen, Tiere und Natur einander n\u00e4herbringen\u201c. Diesen Grundgedanken verbinden wir mit unseren Veranstaltungen und Angeboten. Im Kreislauf des gesamten Erdenlebens gibt es ein nat\u00fcrliches Miteinander. Dazu geh\u00f6rt, dass der Mensch, als denkendes Wesen, sich nicht \u00fcber alle anderen Lebensformen stellt, sondern im Gleichklang und f\u00fcr alle Generationen der Zukunft nachhaltig und bewusst handelt. Diese versteckten F\u00e4higkeiten und Werte, wollen wir gemeinsam mit Dir erwecken und Dich daf\u00fcr begeistern diese zu leben. Damit kann in der LebensSchuleNatur Deine pers\u00f6nliche Erfahrungsreise beginnen. Wir freuen uns sehr Dich bei uns begr\u00fc\u00dfen zu d\u00fcrfen.<\/span><\/p>\n<p><span style=\"color: #000000; font-family: Calibri;\">Dein Team von der LebensSchuleNatur<\/span><\/p>\n<ul>\n<li style=\"text-align: left;\">Hier findest Du Raum und Zeit f\u00fcr sich selbst<\/li>\n<li style=\"text-align: left;\">in der LebensSchuleNatur bieten wir ein umfangreiches Portfolio an kreativen M\u00f6glichkeiten<\/li>\n<li style=\"text-align: left;\">wir bieten Dir eine ganzheitliche Lebenswegbegleitung an<\/li>\n<li style=\"text-align: left;\">mit unserer Tierwelt kannst Du Dich jeder Zeit verbinden und eine sch\u00f6ne Beziehung aufbauen<\/li>\n<li style=\"text-align: left;\">in der LebensSchuleNatur bieten wir Verst\u00e4ndnis, Gef\u00fchle und Liebe, Geborgenheit, W\u00e4rme und die M\u00f6glichkeit zur Ver\u00e4nderung<\/li>\n<li style=\"text-align: left;\">die nat\u00fcrlichen R\u00e4ume laden Dich ein f\u00fcr Meditation und Entspannung<\/li>\n<\/ul>\n<\/div>\n<\/div>\n<\/div>\n<\/div>\n<p>&nbsp;<\/p>\n","protected":false},"excerpt":{"rendered":"<p>Aktuelles und Veranstaltungen Liebe Freundinnen und Freunde der LebensSchuleNatur. Die Lama- und Alpakaspazierg\u00e4nge finden jeweils Sonntags ab 11.00 Uhr statt. Hier ist eine Anmeldung erforderlich da nur eine begrenzte Teilnehmerzahl m\u00f6glich ist. N\u00e4here Informationen, Terminanfragen zu der Durchf\u00fchrung unserer Veranstaltung, k\u00f6nnt Ihr per E-Mail (leschuna@web.de) erhalten. NEU!NEUE!NEU! Folge unserem neuen WhatsApp Kanal: LebensSchuleNatur e.V. Zu&hellip; <br \/> <a class=\"read-more\" href=\"https:\/\/leschuna.de\/index.php\/das-bieten-wir-an\/\">Weiterlesen<\/a><\/p>\n","protected":false},"author":1,"featured_media":0,"parent":0,"menu_order":0,"comment_status":"closed","ping_status":"closed","template":"","meta":{"ngg_post_thumbnail":0,"footnotes":""},"class_list":["post-10","page","type-page","status-publish","hentry"],"_links":{"self":[{"href":"https:\/\/leschuna.de\/index.php\/wp-json\/wp\/v2\/pages\/10","targetHints":{"allow":["GET"]}}],"collection":[{"href":"https:\/\/leschuna.de\/index.php\/wp-json\/wp\/v2\/pages"}],"about":[{"href":"https:\/\/leschuna.de\/index.php\/wp-json\/wp\/v2\/types\/page"}],"author":[{"embeddable":true,"href":"https:\/\/leschuna.de\/index.php\/wp-json\/wp\/v2\/users\/1"}],"replies":[{"embeddable":true,"href":"https:\/\/leschuna.de\/index.php\/wp-json\/wp\/v2\/comments?post=10"}],"version-history":[{"count":34,"href":"https:\/\/leschuna.de\/index.php\/wp-json\/wp\/v2\/pages\/10\/revisions"}],"predecessor-version":[{"id":1143,"href":"https:\/\/leschuna.de\/index.php\/wp-json\/wp\/v2\/pages\/10\/revisions\/1143"}],"wp:attachment":[{"href":"https:\/\/leschuna.de\/index.php\/wp-json\/wp\/v2\/media?parent=10"}],"curies":[{"name":"wp","href":"https:\/\/api.w.org\/{rel}","templated":true}]}}