{"id":12,"date":"2018-11-27T10:46:55","date_gmt":"2018-11-27T10:46:55","guid":{"rendered":"https:\/\/leschuna.de\/?page_id=12"},"modified":"2024-01-08T09:20:34","modified_gmt":"2024-01-08T08:20:34","slug":"das-haben-wir","status":"publish","type":"page","link":"https:\/\/leschuna.de\/index.php\/das-haben-wir\/","title":{"rendered":"Das haben wir"},"content":{"rendered":"<div id=\"team-2\" class=\"team-5 content-section content-section-spacing\" data-label=\"Team\" data-id=\"team--2\" data-export-id=\"team-5\" data-category=\"team\">\n<div class=\"gridContainer\">\n<div class=\"row text-center\">\n<div class=\"section-title-col\" data-type=\"column\">\n<h2 class=\"\">DAS HABEN WIR<\/h2>\n<p class=\"lead\">Die LebensSchuleNatur verf\u00fcgt \u00fcber einen Raum den jede\/r, die\/der den Weg hier her gefunden hat, in Selbstliebe und Achtsamkeit nutzen kann. Hier befindet sich ein Klassenzimmer von unbegrenzter Gr\u00f6\u00dfe.<\/p>\n<\/div>\n<p>&nbsp;<\/p>\n<h3><em><b>Das haben wir:<br \/>\n<\/b><\/em><\/h3>\n<p>Die LebensSchuleNatur liegt im sch\u00f6nen, energetisch gehaltvollen Teil des Darmst\u00e4dter Oberfeldes und in der N\u00e4he zur Rosenh\u00f6he. Naturliebhaber\/innen wissen um die Sch\u00f6nheit, die Erhabenheit, die Vielfalt, die Besonderheit und die Ausstrahlung die von diesem Ort ausgeht.<\/p>\n<p>Unterschiedliche R\u00e4umlichkeiten, Seminarraum, Praxis, Jurte, Bauwagen und Pl\u00e4tze in der Natur stellt das Klassenzimmer der unbegrenzten M\u00f6glichkeiten bereit.<\/p>\n<\/div>\n<\/div>\n<\/div>\n","protected":false},"excerpt":{"rendered":"<p>DAS HABEN WIR Die LebensSchuleNatur verf\u00fcgt \u00fcber einen Raum den jede\/r, die\/der den Weg hier her gefunden hat, in Selbstliebe und Achtsamkeit nutzen kann. Hier befindet sich ein Klassenzimmer von unbegrenzter Gr\u00f6\u00dfe. &nbsp; Das haben wir: Die LebensSchuleNatur liegt im sch\u00f6nen, energetisch gehaltvollen Teil des Darmst\u00e4dter Oberfeldes und in der N\u00e4he zur Rosenh\u00f6he. Naturliebhaber\/innen wissen&hellip; <br \/> <a class=\"read-more\" href=\"https:\/\/leschuna.de\/index.php\/das-haben-wir\/\">Weiterlesen<\/a><\/p>\n","protected":false},"author":1,"featured_media":0,"parent":0,"menu_order":0,"comment_status":"closed","ping_status":"closed","template":"","meta":{"ngg_post_thumbnail":0,"footnotes":""},"class_list":["post-12","page","type-page","status-publish","hentry"],"_links":{"self":[{"href":"https:\/\/leschuna.de\/index.php\/wp-json\/wp\/v2\/pages\/12","targetHints":{"allow":["GET"]}}],"collection":[{"href":"https:\/\/leschuna.de\/index.php\/wp-json\/wp\/v2\/pages"}],"about":[{"href":"https:\/\/leschuna.de\/index.php\/wp-json\/wp\/v2\/types\/page"}],"author":[{"embeddable":true,"href":"https:\/\/leschuna.de\/index.php\/wp-json\/wp\/v2\/users\/1"}],"replies":[{"embeddable":true,"href":"https:\/\/leschuna.de\/index.php\/wp-json\/wp\/v2\/comments?post=12"}],"version-history":[{"count":4,"href":"https:\/\/leschuna.de\/index.php\/wp-json\/wp\/v2\/pages\/12\/revisions"}],"predecessor-version":[{"id":1091,"href":"https:\/\/leschuna.de\/index.php\/wp-json\/wp\/v2\/pages\/12\/revisions\/1091"}],"wp:attachment":[{"href":"https:\/\/leschuna.de\/index.php\/wp-json\/wp\/v2\/media?parent=12"}],"curies":[{"name":"wp","href":"https:\/\/api.w.org\/{rel}","templated":true}]}}