{"id":129,"date":"2018-11-27T15:17:10","date_gmt":"2018-11-27T15:17:10","guid":{"rendered":"https:\/\/leschuna.de\/?page_id=129"},"modified":"2018-12-31T16:23:20","modified_gmt":"2018-12-31T15:23:20","slug":"daniel","status":"publish","type":"page","link":"https:\/\/leschuna.de\/index.php\/daniel\/","title":{"rendered":"Daniel"},"content":{"rendered":"<p><img loading=\"lazy\" decoding=\"async\" width=\"225\" height=\"300\" class=\"alignnone wp-image-345 size-medium\" alt=\"\" src=\"https:\/\/leschuna.de\/wp-content\/uploads\/2018\/12\/YDYW3478-225x300.jpg\" srcset=\"https:\/\/leschuna.de\/wp-content\/uploads\/2018\/12\/YDYW3478-225x300.jpg 225w, https:\/\/leschuna.de\/wp-content\/uploads\/2018\/12\/YDYW3478.jpg 768w\" sizes=\"auto, (max-width: 225px) 100vw, 225px\" \/><\/p>\n<h3>Daniel<\/h3>\n<p><em>Recht und Finanzen<\/em><\/p>\n<p>Geboren am 13.05.1962<\/p>\n<p>Als NLP Coach, spiritueller Heilpriester und Schamane, \u00f6ffne ich Menschen in der Einzelbegleitung und in Gruppen, individuelle Erfahrungsr\u00e4ume. Dadurch erlangen sie Klarheit auf dem Weg des Lebens und dar\u00fcber, was tief in ihrem Unterbewussten verborgen ist.&nbsp; Zun\u00e4chst pr\u00e4gte mich die Selbstst\u00e4ndigkeit im KFZ Handwerk. Nach 25Jahren \u00fcbergab ich die erfolgreich gef\u00fchrte Werkstatt an meinen Sohn. Meine Verbundenheit zu diesem Beruf spiegelt sich heute noch darin wieder, dass ich mich weiterhin mit der Entwicklung von Ausbildungskonzepten, f\u00fcr die technische- gewerbliche Berufsausbildung, im Ausland engagiere. Die Erkenntnis weitere Werte in mir zu tragen sehnte sich nach Verwirklichung. Durch das kennenlernen von Beate Kuby\/Gasch erlernte ich die experimentelle, systemische Aufstellungsarbeit, die mich darin bekr\u00e4ftigte dieser Berufung zu folgen. Meine spirituelle Pers\u00f6nlichkeitsentwicklung bereicherte ich mit fundamentalen Basiswissen im NLP. Durch diese Ausbildung in Bickenbach, bei Ernst und Brigitte Spangenberg und sp\u00e4ter bei deren Tochter Heide Janowitz erlangte ich die zertifizierte Ausbildereignung des DVNLP. Der n\u00e4chste Schritt in die Zukunft war das erlernen meines wesentlichen Grundhandwerkszeuges. Mit Leidenschaft und Hingabe f\u00f6rderte ich meine F\u00e4higkeiten zum Insha Heilpriester und Schamanen. Durch diese Verbindung ist es mir m\u00f6glich, energetisch und heilerisch t\u00e4tig zu sein. So begleite ich heute Menschen in ihrem ganzheitlichen Wachstum. Als H\u00fcter der Erde \u00f6ffne ich Menschen neue R\u00e4ume, damit sie in vielen Lebenssituationen, Klarheit erlangen.&nbsp; Meine Mutter Barbara, \u201eMaster der Goldschmiedekunst\u201c, vermittelte mir das Geschick, Schmuck zu designen. Schwerpunkt meiner Arbeit bilden dabei Opale die ich zu &#8222;himmlischen Schmuckst\u00fccken&#8220; veredele.<\/p>\n","protected":false},"excerpt":{"rendered":"<p>Daniel Recht und Finanzen Geboren am 13.05.1962 Als NLP Coach, spiritueller Heilpriester und Schamane, \u00f6ffne ich Menschen in der Einzelbegleitung und in Gruppen, individuelle Erfahrungsr\u00e4ume. Dadurch erlangen sie Klarheit auf dem Weg des Lebens und dar\u00fcber, was tief in ihrem Unterbewussten verborgen ist.&nbsp; Zun\u00e4chst pr\u00e4gte mich die Selbstst\u00e4ndigkeit im KFZ Handwerk. Nach 25Jahren \u00fcbergab ich&hellip; <br \/> <a class=\"read-more\" href=\"https:\/\/leschuna.de\/index.php\/daniel\/\">Weiterlesen<\/a><\/p>\n","protected":false},"author":1,"featured_media":0,"parent":0,"menu_order":0,"comment_status":"closed","ping_status":"closed","template":"","meta":{"ngg_post_thumbnail":0,"footnotes":""},"class_list":["post-129","page","type-page","status-publish","hentry"],"_links":{"self":[{"href":"https:\/\/leschuna.de\/index.php\/wp-json\/wp\/v2\/pages\/129","targetHints":{"allow":["GET"]}}],"collection":[{"href":"https:\/\/leschuna.de\/index.php\/wp-json\/wp\/v2\/pages"}],"about":[{"href":"https:\/\/leschuna.de\/index.php\/wp-json\/wp\/v2\/types\/page"}],"author":[{"embeddable":true,"href":"https:\/\/leschuna.de\/index.php\/wp-json\/wp\/v2\/users\/1"}],"replies":[{"embeddable":true,"href":"https:\/\/leschuna.de\/index.php\/wp-json\/wp\/v2\/comments?post=129"}],"version-history":[{"count":4,"href":"https:\/\/leschuna.de\/index.php\/wp-json\/wp\/v2\/pages\/129\/revisions"}],"predecessor-version":[{"id":346,"href":"https:\/\/leschuna.de\/index.php\/wp-json\/wp\/v2\/pages\/129\/revisions\/346"}],"wp:attachment":[{"href":"https:\/\/leschuna.de\/index.php\/wp-json\/wp\/v2\/media?parent=129"}],"curies":[{"name":"wp","href":"https:\/\/api.w.org\/{rel}","templated":true}]}}