{"id":134,"date":"2018-11-27T15:17:24","date_gmt":"2018-11-27T15:17:24","guid":{"rendered":"https:\/\/leschuna.de\/?page_id=134"},"modified":"2024-01-08T09:11:44","modified_gmt":"2024-01-08T08:11:44","slug":"beate","status":"publish","type":"page","link":"https:\/\/leschuna.de\/index.php\/beate\/","title":{"rendered":"Beate"},"content":{"rendered":"<p><img loading=\"lazy\" decoding=\"async\" class=\"alignnone wp-image-305 size-medium\" src=\"https:\/\/leschuna.de\/wp-content\/uploads\/2018\/12\/DSC_0848-3-254x300.jpg\" alt=\"\" width=\"254\" height=\"300\" srcset=\"https:\/\/leschuna.de\/wp-content\/uploads\/2018\/12\/DSC_0848-3-254x300.jpg 254w, https:\/\/leschuna.de\/wp-content\/uploads\/2018\/12\/DSC_0848-3-768x908.jpg 768w, https:\/\/leschuna.de\/wp-content\/uploads\/2018\/12\/DSC_0848-3-867x1024.jpg 867w, https:\/\/leschuna.de\/wp-content\/uploads\/2018\/12\/DSC_0848-3-1024x1210.jpg 1024w, https:\/\/leschuna.de\/wp-content\/uploads\/2018\/12\/DSC_0848-3-914x1080.jpg 914w\" sizes=\"auto, (max-width: 254px) 100vw, 254px\" \/><\/p>\n<h3>Beate<\/h3>\n<p><em>Initiatorin<\/em><\/p>\n<p>&nbsp;<\/p>\n<p>Geboren am 29.03.1960<\/p>\n<p>Mit der LeSchuNa ist eine meiner Lebensziele sichtbar geworden. Seit meiner Ausbildung zur staatl. exam. Krankenschwester am KHH Starnberg und weiteren fundierten Ausbildungen im psychotherapeutischen Bereich, sowie nach umfangreichen, verantwortungsvollen Aufgaben im \u00f6ffentlichen Gesundheitswesen absolvierte ich das Studium der Psychoanalytik und Kunsttherapie bei der APAKT in M\u00fcnchen. Weitere Heilpraktiker- und psychotherapeutische Weiterbildungen f\u00fchrten mich zu der Erkenntnis selbstst\u00e4ndig t\u00e4tig zu werden, um mein Wissen und meine F\u00e4higkeiten vollumf\u00e4nglich weitergeben zu k\u00f6nnen. Seit 1996 arbeite ich in eigener Praxis, immer mit dem Ziel vor Augen die LebensSchuleNatur als Ausgangspunkt f\u00fcr Selbsterfahrung und Selbstliebe zu initiieren. Mit dem Kennenlernen von Daniel und der damit verbundenen Findung eines nat\u00fcrlichen Schutzraumes, unserem Zuhause im Seitersweg in Darmstadt, war die Geburtsstunde von LeSchuNa nicht mehr allzuweit entfernt. Im Jahr 2017 kamen dann weitere Mitbewohner in unsere Lebensgemeinschaft, deren Begeisterung f\u00fcr die LebensSchuleNatur ebenso intensiv ist wie die meine. Nach intensiven Vorbereitungsarbeiten ist es uns nun gelungen unsere LeSchuNa sichtbar zu machen. Wir freuen uns \u00fcber Jede\/n die\/der den Weg zu uns findet und zu unserem Lebensziel \u201eLeSchuNa\u201c einen Beitrag leisten will.<\/p>\n","protected":false},"excerpt":{"rendered":"<p>Beate Initiatorin &nbsp; Geboren am 29.03.1960 Mit der LeSchuNa ist eine meiner Lebensziele sichtbar geworden. Seit meiner Ausbildung zur staatl. exam. Krankenschwester am KHH Starnberg und weiteren fundierten Ausbildungen im psychotherapeutischen Bereich, sowie nach umfangreichen, verantwortungsvollen Aufgaben im \u00f6ffentlichen Gesundheitswesen absolvierte ich das Studium der Psychoanalytik und Kunsttherapie bei der APAKT in M\u00fcnchen. Weitere Heilpraktiker-&hellip; <br \/> <a class=\"read-more\" href=\"https:\/\/leschuna.de\/index.php\/beate\/\">Weiterlesen<\/a><\/p>\n","protected":false},"author":1,"featured_media":0,"parent":0,"menu_order":0,"comment_status":"closed","ping_status":"closed","template":"","meta":{"ngg_post_thumbnail":0,"footnotes":""},"class_list":["post-134","page","type-page","status-publish","hentry"],"_links":{"self":[{"href":"https:\/\/leschuna.de\/index.php\/wp-json\/wp\/v2\/pages\/134","targetHints":{"allow":["GET"]}}],"collection":[{"href":"https:\/\/leschuna.de\/index.php\/wp-json\/wp\/v2\/pages"}],"about":[{"href":"https:\/\/leschuna.de\/index.php\/wp-json\/wp\/v2\/types\/page"}],"author":[{"embeddable":true,"href":"https:\/\/leschuna.de\/index.php\/wp-json\/wp\/v2\/users\/1"}],"replies":[{"embeddable":true,"href":"https:\/\/leschuna.de\/index.php\/wp-json\/wp\/v2\/comments?post=134"}],"version-history":[{"count":6,"href":"https:\/\/leschuna.de\/index.php\/wp-json\/wp\/v2\/pages\/134\/revisions"}],"predecessor-version":[{"id":1087,"href":"https:\/\/leschuna.de\/index.php\/wp-json\/wp\/v2\/pages\/134\/revisions\/1087"}],"wp:attachment":[{"href":"https:\/\/leschuna.de\/index.php\/wp-json\/wp\/v2\/media?parent=134"}],"curies":[{"name":"wp","href":"https:\/\/api.w.org\/{rel}","templated":true}]}}