{"id":137,"date":"2018-11-27T15:17:30","date_gmt":"2018-11-27T15:17:30","guid":{"rendered":"https:\/\/leschuna.de\/?page_id=137"},"modified":"2022-03-04T12:11:04","modified_gmt":"2022-03-04T11:11:04","slug":"eliza","status":"publish","type":"page","link":"https:\/\/leschuna.de\/index.php\/eliza\/","title":{"rendered":"Eliza"},"content":{"rendered":"<p><img loading=\"lazy\" decoding=\"async\" class=\"alignnone size-medium wp-image-911\" src=\"https:\/\/leschuna.de\/wp-content\/uploads\/2022\/03\/QIPY5476-e1646392244867-267x300.jpg\" alt=\"\" width=\"267\" height=\"300\" srcset=\"https:\/\/leschuna.de\/wp-content\/uploads\/2022\/03\/QIPY5476-e1646392244867-267x300.jpg 267w, https:\/\/leschuna.de\/wp-content\/uploads\/2022\/03\/QIPY5476-e1646392244867.jpg 711w\" sizes=\"auto, (max-width: 267px) 100vw, 267px\" \/><\/p>\n<h3>Eliza<\/h3>\n<ol>\n<li><em>Vorsitzende LebensSchuleNatur e.V., Tierpflege und Betreuung<\/em><\/li>\n<\/ol>\n<p>&nbsp;<\/p>\n<p>Geboren am 20.12.1999<\/p>\n<p>Ich bin von klein auf mit Tieren gro\u00df geworden. In meiner Kindheit hatten wir immer zwei bis drei Hunde. Meine Freizeit habe ich fast ausschlie\u00dflich in der Natur, im Pferdestall oder auf dem R\u00fccken eines Pferdes verbracht. Dies hat sich auch nie wirklich ge\u00e4ndert.<\/p>\n<p>2020 bin ich in die Naturschutzgebiet- und Landschaftspflege mit Schafen und Eseln geraten. Dort verbringe ich meine Arbeitszeiten immer drau\u00dfen, mit Schafen, Eseln oder Pflegearbeiten. Ich habe \u00fcber die Arbeit viel \u00fcber diese Tiere gelernt und helfe bei allem was anf\u00e4llt. Sei es die Geburtenzeit, die Verpflegung oder das Auf- und Abbauen der Weiden.<\/p>\n<p>In meiner Zukunft m\u00f6chte ich mich noch mehr in den tiermedizinischen Bereich vertiefen.<\/p>\n<p>Seit 2021 bin ich zur ersten Vorsitzenden des Vereins LebensSchuleNatur e.V. gew\u00e4hlt worden. Hier will ich meine Erfahrungen mit Tieren und der Landschaftspflege mit einbringen und den Verein mit Freude und Neugier f\u00fcr Ver\u00e4nderungen leiten.<\/p>\n","protected":false},"excerpt":{"rendered":"<p>Eliza Vorsitzende LebensSchuleNatur e.V., Tierpflege und Betreuung &nbsp; Geboren am 20.12.1999 Ich bin von klein auf mit Tieren gro\u00df geworden. In meiner Kindheit hatten wir immer zwei bis drei Hunde. Meine Freizeit habe ich fast ausschlie\u00dflich in der Natur, im Pferdestall oder auf dem R\u00fccken eines Pferdes verbracht. Dies hat sich auch nie wirklich ge\u00e4ndert.&hellip; <br \/> <a class=\"read-more\" href=\"https:\/\/leschuna.de\/index.php\/eliza\/\">Weiterlesen<\/a><\/p>\n","protected":false},"author":1,"featured_media":0,"parent":0,"menu_order":0,"comment_status":"closed","ping_status":"closed","template":"","meta":{"ngg_post_thumbnail":0,"footnotes":""},"class_list":["post-137","page","type-page","status-publish","hentry"],"_links":{"self":[{"href":"https:\/\/leschuna.de\/index.php\/wp-json\/wp\/v2\/pages\/137","targetHints":{"allow":["GET"]}}],"collection":[{"href":"https:\/\/leschuna.de\/index.php\/wp-json\/wp\/v2\/pages"}],"about":[{"href":"https:\/\/leschuna.de\/index.php\/wp-json\/wp\/v2\/types\/page"}],"author":[{"embeddable":true,"href":"https:\/\/leschuna.de\/index.php\/wp-json\/wp\/v2\/users\/1"}],"replies":[{"embeddable":true,"href":"https:\/\/leschuna.de\/index.php\/wp-json\/wp\/v2\/comments?post=137"}],"version-history":[{"count":4,"href":"https:\/\/leschuna.de\/index.php\/wp-json\/wp\/v2\/pages\/137\/revisions"}],"predecessor-version":[{"id":912,"href":"https:\/\/leschuna.de\/index.php\/wp-json\/wp\/v2\/pages\/137\/revisions\/912"}],"wp:attachment":[{"href":"https:\/\/leschuna.de\/index.php\/wp-json\/wp\/v2\/media?parent=137"}],"curies":[{"name":"wp","href":"https:\/\/api.w.org\/{rel}","templated":true}]}}