{"id":203,"date":"2018-11-30T10:25:44","date_gmt":"2018-11-30T10:25:44","guid":{"rendered":"https:\/\/leschuna.de\/?page_id=203"},"modified":"2026-05-08T11:39:14","modified_gmt":"2026-05-08T09:39:14","slug":"veranstaltungen","status":"publish","type":"page","link":"https:\/\/leschuna.de\/index.php\/veranstaltungen\/","title":{"rendered":"Veranstaltungskalender"},"content":{"rendered":"\n<div id=\"team-2\" class=\"team-5 content-section content-section-spacing\" data-id=\"team--2\" data-category=\"team\" data-export-id=\"team-5\" data-label=\"Team\">\n<div class=\"gridContainer\">\n<div class=\"row text-center\">\n<div class=\"section-title-col\" data-type=\"column\">\n<h3>VERANSTALTUNGSKALENDER<\/h3>\n<p class=\"lead\">Das Team der LebensSchuleNatur begr\u00fc\u00dft Euch, bei der einen oder anderen Veranstaltung, mit einem herzlichen Willkommen. Weitere Informationen \u00fcber die einzelnen Angebote erhalten sie beim Klick auf den jeweiligen Titel.<\/p>\n<\/div>\n<\/div>\n<\/div>\n<\/div>\n\n\n\t\t<div class=\"wpfc-calendar-wrapper\"><form class=\"wpfc-calendar\" id=\"wpfc-calendar-86324\"><\/form><div class=\"wpfc-loading\"><\/div><\/div>\r\n\t\t<div class=\"wpfc-calendar-search\" style=\"display:none;\">\r\n\t\t\t\t\t<\/div>\r\n\t\t<script type=\"text\/javascript\">\r\n\t\t\tWPFC.data = {\r\n\t\t\t\taction : 'WP_FullCalendar',\r\n\t\t\t\t'type' : 'event','month' : 4,'year' : 2026,\t\t\t };\r\n\t\t\tWPFC.month = 4;\r\n\t\t\tWPFC.year = 2026;\r\n\t\t<\/script>\r\n\t\t\n\n\n\n<p><\/p>\n","protected":false},"excerpt":{"rendered":"<p>VERANSTALTUNGSKALENDER Das Team der LebensSchuleNatur begr\u00fc\u00dft Euch, bei der einen oder anderen Veranstaltung, mit einem herzlichen Willkommen. Weitere Informationen \u00fcber die einzelnen Angebote erhalten sie beim Klick auf den jeweiligen Titel.<\/p>\n","protected":false},"author":1,"featured_media":0,"parent":0,"menu_order":0,"comment_status":"closed","ping_status":"closed","template":"","meta":{"ngg_post_thumbnail":0,"footnotes":""},"class_list":["post-203","page","type-page","status-publish","hentry"],"_links":{"self":[{"href":"https:\/\/leschuna.de\/index.php\/wp-json\/wp\/v2\/pages\/203","targetHints":{"allow":["GET"]}}],"collection":[{"href":"https:\/\/leschuna.de\/index.php\/wp-json\/wp\/v2\/pages"}],"about":[{"href":"https:\/\/leschuna.de\/index.php\/wp-json\/wp\/v2\/types\/page"}],"author":[{"embeddable":true,"href":"https:\/\/leschuna.de\/index.php\/wp-json\/wp\/v2\/users\/1"}],"replies":[{"embeddable":true,"href":"https:\/\/leschuna.de\/index.php\/wp-json\/wp\/v2\/comments?post=203"}],"version-history":[{"count":9,"href":"https:\/\/leschuna.de\/index.php\/wp-json\/wp\/v2\/pages\/203\/revisions"}],"predecessor-version":[{"id":1187,"href":"https:\/\/leschuna.de\/index.php\/wp-json\/wp\/v2\/pages\/203\/revisions\/1187"}],"wp:attachment":[{"href":"https:\/\/leschuna.de\/index.php\/wp-json\/wp\/v2\/media?parent=203"}],"curies":[{"name":"wp","href":"https:\/\/api.w.org\/{rel}","templated":true}]}}