{"id":206,"date":"2018-11-30T10:25:57","date_gmt":"2018-11-30T10:25:57","guid":{"rendered":"https:\/\/leschuna.de\/?page_id=206"},"modified":"2022-12-30T13:22:13","modified_gmt":"2022-12-30T12:22:13","slug":"partner","status":"publish","type":"page","link":"https:\/\/leschuna.de\/index.php\/partner\/","title":{"rendered":"Mitgliedschaft"},"content":{"rendered":"\n<p class=\"has-text-align-center\"><img loading=\"lazy\" decoding=\"async\" width=\"180\" height=\"240\" class=\"wp-image-934\" style=\"width: 180px;\" src=\"https:\/\/leschuna.de\/wp-content\/uploads\/2022\/05\/JELY4185.jpg\" alt=\"\" srcset=\"https:\/\/leschuna.de\/wp-content\/uploads\/2022\/05\/JELY4185.jpg 1200w, https:\/\/leschuna.de\/wp-content\/uploads\/2022\/05\/JELY4185-225x300.jpg 225w, https:\/\/leschuna.de\/wp-content\/uploads\/2022\/05\/JELY4185-768x1023.jpg 768w, https:\/\/leschuna.de\/wp-content\/uploads\/2022\/05\/JELY4185-1153x1536.jpg 1153w, https:\/\/leschuna.de\/wp-content\/uploads\/2022\/05\/JELY4185-1024x1364.jpg 1024w, https:\/\/leschuna.de\/wp-content\/uploads\/2022\/05\/JELY4185-811x1080.jpg 811w\" sizes=\"auto, (max-width: 180px) 100vw, 180px\" \/><\/p>\n\n\n\n<p class=\"has-text-align-center\">Werde Mitglied tue etwas Gutes und erhalte viele Vorteile. Hier geht es weiter zum <a rel=\"noreferrer noopener\" href=\"https:\/\/easyverein.com\/public\/leschuna17\/applicationform\/5068\" target=\"_blank\">Antragsformular<\/a> und <a href=\"https:\/\/leschuna.de\/index.php\/entdecke-die-lebensschulenatur-e-v\/\">weiteren Informationen<\/a>.<\/p>\n\n\n\n<p class=\"has-text-align-center\">Spenden und Mitgliedsbeitr\u00e4ge k\u00f6nnen steuerlich geltend gemacht werden. Eure Mitgliedschaft und Eure Spenden erfreuen Tier und Mensch und \u00f6ffnen neue Wege.<\/p>\n","protected":false},"excerpt":{"rendered":"<p>Werde Mitglied tue etwas Gutes und erhalte viele Vorteile. Hier geht es weiter zum Antragsformular und weiteren Informationen. Spenden und Mitgliedsbeitr\u00e4ge k\u00f6nnen steuerlich geltend gemacht werden. Eure Mitgliedschaft und Eure Spenden erfreuen Tier und Mensch und \u00f6ffnen neue Wege.<\/p>\n","protected":false},"author":1,"featured_media":0,"parent":0,"menu_order":0,"comment_status":"closed","ping_status":"closed","template":"","meta":{"ngg_post_thumbnail":0,"footnotes":""},"class_list":["post-206","page","type-page","status-publish","hentry"],"_links":{"self":[{"href":"https:\/\/leschuna.de\/index.php\/wp-json\/wp\/v2\/pages\/206","targetHints":{"allow":["GET"]}}],"collection":[{"href":"https:\/\/leschuna.de\/index.php\/wp-json\/wp\/v2\/pages"}],"about":[{"href":"https:\/\/leschuna.de\/index.php\/wp-json\/wp\/v2\/types\/page"}],"author":[{"embeddable":true,"href":"https:\/\/leschuna.de\/index.php\/wp-json\/wp\/v2\/users\/1"}],"replies":[{"embeddable":true,"href":"https:\/\/leschuna.de\/index.php\/wp-json\/wp\/v2\/comments?post=206"}],"version-history":[{"count":4,"href":"https:\/\/leschuna.de\/index.php\/wp-json\/wp\/v2\/pages\/206\/revisions"}],"predecessor-version":[{"id":975,"href":"https:\/\/leschuna.de\/index.php\/wp-json\/wp\/v2\/pages\/206\/revisions\/975"}],"wp:attachment":[{"href":"https:\/\/leschuna.de\/index.php\/wp-json\/wp\/v2\/media?parent=206"}],"curies":[{"name":"wp","href":"https:\/\/api.w.org\/{rel}","templated":true}]}}