{"id":24,"date":"2018-11-27T10:48:05","date_gmt":"2018-11-27T10:48:05","guid":{"rendered":"https:\/\/leschuna.de\/?page_id=24"},"modified":"2026-01-22T09:45:43","modified_gmt":"2026-01-22T08:45:43","slug":"datenschutz","status":"publish","type":"page","link":"https:\/\/leschuna.de\/index.php\/datenschutz\/","title":{"rendered":"Datenschutz"},"content":{"rendered":"\n<h3 class=\"wp-block-heading\">DATENSCHUTZ &amp; IMPRESSUM<\/h3>\n\n\n\n<div style=\"height:50px\" aria-hidden=\"true\" class=\"wp-block-spacer\"><\/div>\n\n\n\n<p><strong>Name und Anschrift des verantwortlichen Anbieters dieser Internetseiten:<\/strong><\/p>\n\n\n\n<figure class=\"wp-block-image is-resized\"><img loading=\"lazy\" decoding=\"async\" width=\"1024\" height=\"193\" src=\"https:\/\/leschuna.de\/wp-content\/uploads\/2019\/08\/LebensSchuleNatur-Logo-quer-fin-1024x193.png\" alt=\"\" class=\"wp-image-481\" style=\"width:256px;height:48px\" srcset=\"https:\/\/leschuna.de\/wp-content\/uploads\/2019\/08\/LebensSchuleNatur-Logo-quer-fin-1024x193.png 1024w, https:\/\/leschuna.de\/wp-content\/uploads\/2019\/08\/LebensSchuleNatur-Logo-quer-fin-300x56.png 300w, https:\/\/leschuna.de\/wp-content\/uploads\/2019\/08\/LebensSchuleNatur-Logo-quer-fin-768x145.png 768w, https:\/\/leschuna.de\/wp-content\/uploads\/2019\/08\/LebensSchuleNatur-Logo-quer-fin.png 1764w\" sizes=\"auto, (max-width: 1024px) 100vw, 1024px\" \/><\/figure>\n\n\n\n<p>LebensSchuleNatur gem.e.V.<\/p>\n\n\n\n<p>Seitersweg 150<br>64287 Darmstadt <br><strong>Mobil:<\/strong><br><strong>E-Mail: <\/strong><a href=\"mailto:info@leschuna.de\">info@leschuna.de<\/a><\/p>\n\n\n\n<p>Projektleiter: Andreas Kruk, 1 Vorsitzende: Eliza Kuby, 2 Vorsitzende: Beate Kuby Gasch<\/p>\n\n\n\n<p>Vereinsregister Darmstadt Nr.: 84558, Finanzamt Darmstadt Steuernummer: 0725086217<\/p>\n\n\n\n<div style=\"height:50px\" aria-hidden=\"true\" class=\"wp-block-spacer\"><\/div>\n\n\n\n<p>Personenbezogene Daten sind alle Daten, die einen R\u00fcckschluss auf Ihre tats\u00e4chliche Identit\u00e4t erlauben, also z. B. Ihr Name, Ihre Anschrift, Telefonnummern, Ihre E-Mail-Adresse etc. Auf unseren Internetseiten werden personenbezogene Daten (beispielsweise Name, Anschrift oder E-Mail-Adressen) allenfalls auf freiwilliger Basis erhoben, z.B. durch die Zusendung eine E-Mail, oder die Nutzung eines Kontaktformulars. Die Nutzung der Webseite mit Informationen, Angeboten und Diensten ist, stets ohne Angabe personenbezogener Daten m\u00f6glich.<\/p>\n\n\n\n<p>Von der Speicherung personenbezogener Daten durch unsere Website wird abgesehen, ausgenommen als solche deklarierten technischen Parameter (IP-Adresse, Browser-System, etc.), in anonymisierter Form, s.u.<\/p>\n\n\n\n<p><strong><em>Wann werden welche Daten gespeichert?<\/em><\/strong><\/p>\n\n\n\n<p><strong>Personenbezogene Daten werden nur in folgenden F\u00e4llen von uns erhoben und gespeichert:<br><\/strong>Wenn Sie uns um eine Auskunft bitten, zum Zwecke der Beantwortung Ihrer Fragen oder Angebotserstellung wenn Sie bei uns eine Bestellung aufgeben, zum Zwecke der Bestellabwicklung und Rechnungsstellung Generell werden nur die f\u00fcr den jeweiligen Zweck notwendigen Daten abgefragt. Eine Speicherung erfolgt nur solange, wie dies notwendig ist. Sie k\u00f6nnen jederzeit Auskunft \u00fcber Art und Umfang der zu Ihrer Person gespeicherten Daten sowie die L\u00f6schung derselben verlangen, was jedoch dann, wenn wir Ihnen eine Rechnung gestellt haben bis 10 Jahre nach Rechnungsdatum Aufgrund der Steuergesetzgebung nicht vollst\u00e4ndig m\u00f6glich ist.<\/p>\n\n\n\n<div style=\"height:30px\" aria-hidden=\"true\" class=\"wp-block-spacer\"><\/div>\n\n\n\n<p><strong>Verschl\u00fcsselung<\/strong><\/p>\n\n\n\n<p>Wenn Sie eine Bestellung bei uns aufgeben, werden Ihre pers\u00f6nlichen Daten verschl\u00fcsselt \u00fcbertragen. Sobald Sie ein Kundenkonto anlegen bzw. sich bei uns anmelden, sehen Sie ein geschlossenes Schlosssymbol in Ihrer Browserleiste und die Domain beginnt mit \u201ehttps:\/\/\u201c.<\/p>\n\n\n\n<div style=\"height:30px\" aria-hidden=\"true\" class=\"wp-block-spacer\"><\/div>\n\n\n\n<p><strong>Keine Weitergabe an Dritte<\/strong><\/p>\n\n\n\n<p>Grunds\u00e4tzlich werden durch uns keine personenbezogenen Daten an Dritte (etwa zu Werbezwecken) weitergegeben. F\u00fcr Bestellungen die an Sie versendet werden, haben unter Umst\u00e4nden die Versand-Dienstleister DHL oder DPD, bei sehr volumin\u00f6sen Lieferungen auch hier nicht n\u00e4her spezifizierbare Speditionen, die wir Ihnen auf Wunsch vor Versand mitteilen, Einblick in Ihre Adressdaten. Dem stimmen Sie durch Aufgabe einer Bestellung ausdr\u00fccklich zu.<\/p>\n\n\n\n<div style=\"height:30px\" aria-hidden=\"true\" class=\"wp-block-spacer\"><\/div>\n\n\n\n<p><strong>Einbindung von Diensten und Inhalten Dritter<\/strong><\/p>\n\n\n\n<p>Wir setzen innerhalb unseres Onlineangebotes auf Grundlage unserer berechtigten Interessen (d.h. Interesse an der Analyse, Optimierung und wirtschaftlichem Betrieb unseres Onlineangebotes im Sinne des Art. 6 Abs. 1 lit. f. DSGVO) Inhalts- oder Serviceangebote von Drittanbietern ein, um deren Inhalte und Services, wie z.B. Videos oder Schriftarten einzubinden (nachfolgend einheitlich bezeichnet als \u201cInhalte\u201d). Dies setzt immer voraus, dass die Drittanbieter dieser Inhalte, die IP-Adresse der Nutzer wahrnehmen, da sie ohne die IP-Adresse die Inhalte nicht an deren Browser senden k\u00f6nnten. Die IP-Adresse ist f\u00fcr die Darstellung dieser Inhalte erforderlich. Wir bem\u00fchen uns nur solche Inhalte zu verwenden, deren jeweilige Anbieter die IP-Adresse lediglich zur Auslieferung der Inhalte verwenden. Drittanbieter k\u00f6nnen ferner so genannte Pixel-Tags (unsichtbare Grafiken, auch als \u201eWeb-Beacons\u201c bezeichnet) f\u00fcr statistische oder Marketingzwecke verwenden. Durch die \u201ePixel-Tags\u201c k\u00f6nnen Informationen, wie der Besucherverkehr auf den Seiten dieser Website ausgewertet werden. Die pseudonymen Informationen k\u00f6nnen ferner in Cookies auf dem Ger\u00e4t der Nutzer gespeichert werden und unter anderem technische Informationen zum Browser und Betriebssystem, verweisende Webseiten, Besuchszeit sowie weitere Angaben zur Nutzung unseres Onlineangebotes enthalten, als auch mit solchen Informationen aus anderen Quellen verbunden werden.<\/p>\n\n\n\n<p>Die folgende Darstellung bietet eine \u00dcbersicht von Drittanbietern sowie ihrer Inhalte, nebst Links zu deren Datenschutzerkl\u00e4rungen, welche weitere Hinweise zur Verarbeitung von Daten und, z.T. bereits hier genannt, Widerspruchsm\u00f6glichkeiten (sog. Opt-Out) enthalten:<\/p>\n\n\n\n<p>Externer Code des JavaScript-Frameworks \u201cjQuery\u201d, bereitgestellt durch den Dritt-Anbieter jQuery Foundation, <a href=\"https:\/\/jquery.org\" target=\"_blank\" rel=\"noreferrer noopener\">https:\/\/jquery.org<\/a>.<\/p>\n\n\n\n<p>Videos der Plattform \u201cYouTube\u201d des Drittanbieters Google LLC, 1600 Amphitheatre Parkway, Mountain View, CA 94043, USA. Datenschutzerkl\u00e4rung: <a href=\"https:\/\/policies.google.com\/privacy\" target=\"_blank\" rel=\"noreferrer noopener\">https:\/\/policies.google.com\/privacy<\/a>, Opt-Out: <a href=\"https:\/\/adssettings.google.com\/authenticated\" target=\"_blank\" rel=\"noreferrer noopener\">https:\/\/adssettings.google.com\/authenticated<\/a>.<\/p>\n\n\n\n<p>Landkarten des Dienstes \u201eGoogle Maps\u201c des Drittanbieters Google LLC, 1600 Amphitheatre Parkway, Mountain View, CA 94043, USA, gestellt. Datenschutzerkl\u00e4rung: <a href=\"https:\/\/www.google.com\/policies\/privacy\/\" target=\"_blank\" rel=\"noreferrer noopener\">https:\/\/www.google.com\/policies\/privacy\/<\/a>, Opt-Out: <a href=\"https:\/\/www.google.com\/settings\/ads\/\" target=\"_blank\" rel=\"noreferrer noopener\">https:\/\/www.google.com\/settings\/ads\/<\/a>.<\/p>\n\n\n\n<p>Externe Schriftarten von Google, LLC., https:\/\/www.google.com\/fonts (\u201eGoogle Fonts\u201c). Die Einbindung der Google Fonts erfolgt durch einen Serveraufruf bei Google (in der Regel in den USA). Datenschutzerkl\u00e4rung: <a rel=\"noreferrer noopener\" href=\"https:\/\/policies.google.com\/privacy\" target=\"_blank\">https:\/\/policies.google.com\/privacy<\/a>, Opt-Out: <a rel=\"noreferrer noopener\" href=\"https:\/\/adssettings.google.com\/\" target=\"_blank\">https:\/\/adssettings.google.com\/<\/a>authenticated.<\/p>\n\n\n\n<div style=\"height:30px\" aria-hidden=\"true\" class=\"wp-block-spacer\"><\/div>\n\n\n\n<p><strong>Daten\u00fcbertragung<\/strong><\/p>\n\n\n\n<p>Wir weisen hiermit darauf hin, dass die Daten\u00fcbertragung im Internet (z.B. an Internetkontenpunkten, auch bei SSL-Verschl\u00fcsselung oder bei der Kommunikation per E-Mail) Sicherheitsl\u00fccken aufweisen kann. Ein absolut l\u00fcckenloser Schutz von Daten vor der Aneignung durch Dritte ist nicht m\u00f6glich.<\/p>\n\n\n\n<p>Unsere Webseite speichert automatisch im Hintergrund (also ohne Registrierung) allgemeine Informationen, die nicht personenbezogen sind oder verwendet werden. Die eingesetzten Webserver mit deren Logs und Statistiksystemen speichern (sofern von Ihrem System \u00fcbermittelt):<\/p>\n\n\n\n<ul class=\"wp-block-list\">\n<li>Ihren Browsertyp\/ die Version des verwendeten Betriebssystems<\/li>\n\n\n\n<li>die von Ihnen zuvor besuchte Seite (Referier URL)<\/li>\n\n\n\n<li>den Hostnamen des zugreifenden Computers (IP-Adresse, u.U. in anonymisierter Weise)<\/li>\n\n\n\n<li>die Uhrzeit Ihrer Serveranfrage<\/li>\n\n\n\n<li>die von Ihnen aufgerufene Webseite<\/li>\n\n\n\n<li>die Menge der gesendeten\/empfangenen Daten in Byte<\/li>\n<\/ul>\n\n\n\n<p>Diese Informationen werden ausschlie\u00dflich zum Zweck der technischen Absicherung der Webseite, Administration und statistischen Auswertung unserer Webseite gespeichert. Eine Weitergabe an Dritte erfolgt nicht. Die Daten werden regelm\u00e4\u00dfig gel\u00f6scht.<\/p>\n\n\n\n<p>Wir haben keinen externen Code von Facebook, oder anderen \u00e4hnlichen Anbietern auf unseren Seiten eingebunden, der ihre Daten abgreifen k\u00f6nnte. F\u00fcr Cookies von Drittanbietern (zuvor besuchten Seiten \/social-media-Plattformen) die den Besuch unserer Seite registrieren k\u00f6nnen wir keine Verantwortung \u00fcbernehmen.<\/p>\n\n\n\n<p>Wir benutzen kein google-analytics, in Verbindung mit unserer Webseite. Falls Sie \u00fcber die Google-Suche zu uns kommen, kann es sein, dass Google zuvor einen sog. Cookie bei Ihnen auf dem Computer abgelegt hat. Die in diesem Rahmen von Ihrem Browser \u00fcbermittelte IP-Adresse wird nicht mit anderen Daten von Google zusammengef\u00fchrt. Sie k\u00f6nnen die Speicherung der Cookies durch eine entsprechende Einstellung Ihrer Browser-Software verhindern, dann jedoch u.U. nicht mehr alle Webseiten uneingeschr\u00e4nkt nutzen.<\/p>\n\n\n\n<p>Wir benutzen kein google-analytics, in Verbindung mit unserer Webseite. Falls Sie \u00fcber die Google-Suche zu uns kommen, kann es sein, dass Google zuvor einen sog. Cookie bei Ihnen auf dem Computer abgelegt hat. Die in diesem Rahmen von Ihrem Browser \u00fcbermittelte IP-Adresse wird nicht mit anderen Daten von Google zusammengef\u00fchrt. Sie k\u00f6nnen die Speicherung der Cookies durch eine entsprechende Einstellung Ihrer Browser-Software verhindern, dann jedoch u.U. nicht mehr alle Webseiten uneingeschr\u00e4nkt nutzen.<\/p>\n\n\n\n<div style=\"height:30px\" aria-hidden=\"true\" class=\"wp-block-spacer\"><\/div>\n\n\n\n<p><strong>Cookies<\/strong><\/p>\n\n\n\n<p>Unsere Internetseite speichert auf Ihrem Computer sog. Cookies. Diese werden zum bereitstellen unserer Dienste und des Bestellablaufs \/des Logins ben\u00f6tigt, und dienen dazu, Sie als Nutzer zu identifizieren. Im Cookie ist zB auch Ihre Session-ID gespeichert, sofern von unserem System eine solche vergeben wurde. Sie k\u00f6nnen diese sp\u00e4ter in den Einstellungen Ihres Browsers, wenn Sie m\u00f6chten wieder l\u00f6schen. (Jeder Browser bietet dazu unterschiedlich benannte Men\u00fc-Punkte: z.B. bei den \u201eEinstellungen\u201c -&gt; \u201eVerlauf und Webseitendaten l\u00f6schen\u201c.)<\/p>\n\n\n\n<div style=\"height:30px\" aria-hidden=\"true\" class=\"wp-block-spacer\"><\/div>\n\n\n\n<p><strong>Weitere Informationen zur Datennutzung zu Werbezwecken durch Google, Einstellungs- und<br>Widerspruchsm\u00f6glichkeiten erfahren Sie auf den Webseiten von Google:<br><\/strong><a href=\"http:\/\/www.google.com\/policies\/technologies\/ads\" target=\"_blank\" rel=\"noreferrer noopener\">http:\/\/www.google.com\/policies\/technologies\/ads<\/a><\/p>\n\n\n\n<p><strong>Datennutzung zu Werbezwecken<br><\/strong><a href=\"http:\/\/www.google.de\/settings\/ads\/\" target=\"_blank\" rel=\"noreferrer noopener\">http:\/\/www.google.de\/settings\/ads\/<\/a><\/p>\n\n\n\n<p>I<strong>nformationen verwalten, die Google verwendet, um Ihnen Werbung einzublenden<br><\/strong><a href=\"http:\/\/www.google.com\/ads\/preferences\/\" target=\"_blank\" rel=\"noreferrer noopener\">http:\/\/www.google.com\/ads\/preferences\/<\/a><\/p>\n\n\n\n<p>Bestimmen Sie, welche Werbung Google Ihnen zeigt<\/p>\n\n\n\n<p>F\u00fcr Seiten zu denen wir von unserer Internetpr\u00e4senz aus verlinken \u00fcbernehmen wir keine Verantwortung.<\/p>\n\n\n\n<p>Keine Abmahnung ohne vorherigen Kontakt und Gesuch um Anpassung \/Unterlassung, etc. wird von uns akzeptiert. Wir erkl\u00e4ren ausdr\u00fccklich in jeder Hinsicht Wettbewerbs-, Verbraucherschutz- und Datenschutz-rechtlich und legal und konform zu agieren. Sollte eine externe Stelle zu der Auffassung kommen, dass dies punktuell nicht der Fall sei, nehmen wir Hinweise gerne entgegen und werden deren Umsetzung entsprechend zeitnah pr\u00fcfen und sofern rechtlich n\u00f6tig auch umgehend umsetzen.<\/p>\n\n\n\n<div style=\"height:30px\" aria-hidden=\"true\" class=\"wp-block-spacer\"><\/div>\n\n\n\n<p><strong>Datenschutz bei Bewerbungen<\/strong><\/p>\n\n\n\n<p>Der f\u00fcr die Verarbeitung von Bewerbungen f\u00fcr offene Stellen oder Initiativbewerbungen Verantwortliche erhebt und verarbeitet die personenbezogenen Daten von Bewerbern zum Zwecke der Abwicklung des Bewerbungsverfahrens. Die Verarbeitung kann bei Bewerbungen per E-Mail auf elektronischem Wege erfolgen. Kommt es zum Arbeitsverh\u00e4ltnis, werden die \u00fcbermittelten Daten zum Zwecke der Abwicklung des Besch\u00e4ftigungsverh\u00e4ltnisses (unter Beachtung der gesetzlichen Vorschriften) gespeichert. Wird von dem f\u00fcr die Verarbeitung Verantwortlichen kein Anstellungsvertrag mit dem Bewerber geschlossen, so werden die Bewerbungsunterlagen sp\u00e4testens drei Monate nach Bekanntgabe der Absageentscheidung gel\u00f6scht.<\/p>\n","protected":false},"excerpt":{"rendered":"<p>DATENSCHUTZ &amp; IMPRESSUM Name und Anschrift des verantwortlichen Anbieters dieser Internetseiten: LebensSchuleNatur gem.e.V. Seitersweg 15064287 Darmstadt Mobil:E-Mail: info@leschuna.de Projektleiter: Andreas Kruk, 1 Vorsitzende: Eliza Kuby, 2 Vorsitzende: Beate Kuby Gasch Vereinsregister Darmstadt Nr.: 84558, Finanzamt Darmstadt Steuernummer: 0725086217 Personenbezogene Daten sind alle Daten, die einen R\u00fcckschluss auf Ihre tats\u00e4chliche Identit\u00e4t erlauben, also z. B. Ihr&hellip; <br \/> <a class=\"read-more\" href=\"https:\/\/leschuna.de\/index.php\/datenschutz\/\">Weiterlesen<\/a><\/p>\n","protected":false},"author":1,"featured_media":0,"parent":0,"menu_order":0,"comment_status":"closed","ping_status":"closed","template":"","meta":{"ngg_post_thumbnail":0,"footnotes":""},"class_list":["post-24","page","type-page","status-publish","hentry"],"_links":{"self":[{"href":"https:\/\/leschuna.de\/index.php\/wp-json\/wp\/v2\/pages\/24","targetHints":{"allow":["GET"]}}],"collection":[{"href":"https:\/\/leschuna.de\/index.php\/wp-json\/wp\/v2\/pages"}],"about":[{"href":"https:\/\/leschuna.de\/index.php\/wp-json\/wp\/v2\/types\/page"}],"author":[{"embeddable":true,"href":"https:\/\/leschuna.de\/index.php\/wp-json\/wp\/v2\/users\/1"}],"replies":[{"embeddable":true,"href":"https:\/\/leschuna.de\/index.php\/wp-json\/wp\/v2\/comments?post=24"}],"version-history":[{"count":16,"href":"https:\/\/leschuna.de\/index.php\/wp-json\/wp\/v2\/pages\/24\/revisions"}],"predecessor-version":[{"id":1148,"href":"https:\/\/leschuna.de\/index.php\/wp-json\/wp\/v2\/pages\/24\/revisions\/1148"}],"wp:attachment":[{"href":"https:\/\/leschuna.de\/index.php\/wp-json\/wp\/v2\/media?parent=24"}],"curies":[{"name":"wp","href":"https:\/\/api.w.org\/{rel}","templated":true}]}}