{"id":43,"date":"2018-11-27T11:00:23","date_gmt":"2018-11-27T11:00:23","guid":{"rendered":"https:\/\/leschuna.de\/index.php\/mesmerize\/"},"modified":"2026-05-11T15:59:42","modified_gmt":"2026-05-11T13:59:42","slug":"mesmerize","status":"publish","type":"page","link":"https:\/\/leschuna.de\/","title":{"rendered":"Startseite"},"content":{"rendered":"\n<h2 class=\"wp-block-heading\"><em class=\"\">Prima Klima f\u00fcr Menschen, Tiere und Natur<\/em><\/h2>\n\n\n\n<p class=\"has-luminous-vivid-amber-background-color has-background\"><strong>Jetzt neu: Buche bei uns einen Alpaka-Spaziergang direkt \u00fcber unsere Webseite! <a href=\"https:\/\/leschuna.de\/index.php\/events\/lama-und-alpakaspaziergang-2\/\" data-type=\"link\" data-id=\"https:\/\/leschuna.de\/index.php\/events\/lama-und-alpakaspaziergang-2\/\">Probier es hier gerne direkt aus<\/a><\/strong><\/p>\n\n\n\n<div id=\"team-1\" class=\"team-2 content-section content-section-spacing\" style=\"background-color: #ffffff;\" data-id=\"team--1\" data-category=\"team\" data-export-id=\"team-2\" data-label=\"Team\">\n<div class=\"gridContainer\">\n<div class=\"row text-center\">\n<div class=\"section-title-col\" data-type=\"column\">\n<h2>HERZLICH WILLKOMMEN IM VEREIN<br>LEbensSCHUleNAtur gem.e.V.<\/h2>\n<h4 class=\"lead\">Entdecke uns&#8230;&#8230;<\/h4>\n<p class=\"lead\">Der gemeinn\u00fctzige Verein LebensSchuleNatur hat es sich zur Aufgabe gemacht Menschen, Tiere und Natur einander n\u00e4her zu bringen. \u00dcber Selbsterfahrung und Bildungsworkshops gibt es viele M\u00f6glichkeiten bei uns zu SEIN. Wir laden ein kreativ mitzumachen und eigene Ideen einzubringen.<\/p>\n<p>Werde Mitglied und tue Gutes. Hier geht&nbsp; es zu weiteren Informationen f\u00fcr eine&nbsp;<a href=\"https:\/\/leschuna.de\/index.php\/partner\/\"> Mitgliedschaft im Verein LebensSchuleNatur e.V.<\/a><\/p>\n<p>&nbsp;<\/p>\n<p class=\"lead\">Im Jahr 2018 ist es Beate Kuby Gasch gelungen ihren gr\u00f6\u00dften Wunsch ins Leben zu rufen: die LebensSchuleNatur (LeSchuNa). Seit vielen Jahren reifte in ihr die Idee, einen Ort zu finden an dem sie Menschen, Tiere und die Natur einander n\u00e4herbringen kann. Mit ihrem neuen Zuhause, mittlerweile 26 Tieren, der wundersch\u00f6nen Natur am Oberfeld in Darmstadt und ihren Kollegen und Kolleginnen wurde dieses Bildungsprojekt verwirklicht. Nur durch ihr ausschlie\u00dflich pers\u00f6nliches, finanzielles Engagement und die ehrenamtliche Unterst\u00fctzung einiger Mitarbeiter und Kollegen war der Start erst m\u00f6glich.<\/p>\n<\/div>\n<\/div>\n<div class=\"row spaced-cols content-center-sm\" data-type=\"row\">\n<div class=\"col-sm-6 col-md-3\">&nbsp;<\/div>\n<div class=\"col-sm-6 col-md-3\">\n<div class=\"card y-move no-padding bordered\">\n<figure><img loading=\"lazy\" decoding=\"async\" class=\"wp-image-355 aligncenter\" src=\"https:\/\/leschuna.de\/wp-content\/uploads\/2019\/01\/Tupfeltag2019-300x95.jpg\" sizes=\"auto, (max-width: 416px) 100vw, 416px\" srcset=\"https:\/\/leschuna.de\/wp-content\/uploads\/2019\/01\/Tupfeltag2019-300x95.jpg 300w, https:\/\/leschuna.de\/wp-content\/uploads\/2019\/01\/Tupfeltag2019-768x243.jpg 768w, https:\/\/leschuna.de\/wp-content\/uploads\/2019\/01\/Tupfeltag2019-1024x324.jpg 1024w, https:\/\/leschuna.de\/wp-content\/uploads\/2019\/01\/Tupfeltag2019.jpg 1285w\" alt=\"\" width=\"416\" height=\"132\"><\/figure><p><\/p>\n<div class=\"col-padding-small col-padding-small-xs description-container\" data-type=\"column\">\n<h4 class=\"font-500\"><strong>AKTUELLES UND VERANSTALTUNGEN<\/strong><\/h4>\n<p>Herzlich Willkommen bei unseren Veranstaltungen und Angeboten<\/p>\n<div class=\"button-holder space-bottom space-bottom-small\" data-type=\"column\"><a class=\"button color1\" href=\"https:\/\/leschuna.de\/index.php\/das-bieten-wir-an\" target=\"_self\" rel=\"noopener noreferrer\">mehr<\/a><\/div>\n<\/div>\n<\/div>\n<\/div>\n<div class=\"col-sm-6 col-md-3\">\n<div class=\"card y-move no-padding bordered\">\n<figure><img loading=\"lazy\" decoding=\"async\" class=\"alignnone wp-image-400 size-medium\" src=\"https:\/\/leschuna.de\/wp-content\/uploads\/2019\/03\/IMG_8478-300x300.jpg\" sizes=\"auto, (max-width: 300px) 100vw, 300px\" srcset=\"https:\/\/leschuna.de\/wp-content\/uploads\/2019\/03\/IMG_8478-300x300.jpg 300w, https:\/\/leschuna.de\/wp-content\/uploads\/2019\/03\/IMG_8478-150x150.jpg 150w, https:\/\/leschuna.de\/wp-content\/uploads\/2019\/03\/IMG_8478-768x768.jpg 768w, https:\/\/leschuna.de\/wp-content\/uploads\/2019\/03\/IMG_8478-1024x1024.jpg 1024w, https:\/\/leschuna.de\/wp-content\/uploads\/2019\/03\/IMG_8478-1080x1080.jpg 1080w\" alt=\"\" width=\"300\" height=\"300\"><\/figure><p><\/p>\n<div class=\"col-padding-small col-padding-small-xs description-container\" data-type=\"column\">\n<h4 class=\"font-500\"><strong>DAS HABEN WIR<\/strong><\/h4>\n<p>Die LebensSchuleNatur verf\u00fcgt \u00fcber einen Raum den jeder, der den Weg hier her gefunden hat, in Selbstliebe und Achtsamkeit nutzen kann. Hier befindet sich ein Klassenzimmer von unbegrenzter Gr\u00f6\u00dfe.<\/p>\n<div class=\"button-holder space-bottom space-bottom-small\" data-type=\"column\"><a class=\"button color1\" href=\"https:\/\/leschuna.de\/index.php\/das-haben-wir\" target=\"_self\" rel=\"noopener noreferrer\">mehr<\/a><\/div>\n<\/div>\n<\/div>\n<\/div>\n<div class=\"col-sm-6 col-md-3\">\n<div class=\"card y-move no-padding bordered\">\n<figure><img loading=\"lazy\" decoding=\"async\" class=\"alignnone wp-image-402 size-medium\" src=\"https:\/\/leschuna.de\/wp-content\/uploads\/2019\/03\/IMG_1714-300x225.jpg\" sizes=\"auto, (max-width: 300px) 100vw, 300px\" srcset=\"https:\/\/leschuna.de\/wp-content\/uploads\/2019\/03\/IMG_1714-300x225.jpg 300w, https:\/\/leschuna.de\/wp-content\/uploads\/2019\/03\/IMG_1714-768x576.jpg 768w, https:\/\/leschuna.de\/wp-content\/uploads\/2019\/03\/IMG_1714-1024x768.jpg 1024w, https:\/\/leschuna.de\/wp-content\/uploads\/2019\/03\/IMG_1714-1440x1080.jpg 1440w\" alt=\"\" width=\"300\" height=\"225\"><\/figure><p><\/p>\n<div class=\"col-padding-small col-padding-small-xs description-container\" data-type=\"column\">\n<h4 class=\"font-500\"><strong>DAS WOLLEN WIR<\/strong><\/h4>\n<p>Wir wollen f\u00fcr die LebensSchuleNatur eine Weiterentwicklung auf allen Ebenen.<\/p>\n<div class=\"button-holder space-bottom space-bottom-small\" data-type=\"column\"><a class=\"button color1\" href=\"https:\/\/leschuna.de\/index.php\/das-wollen-wir\/\" rel=\"noopener noreferrer\">mehr<\/a><\/div>\n<\/div>\n<\/div>\n<\/div>\n<div class=\"col-sm-6 col-md-3\">\n<div class=\"card y-move no-padding bordered\">\n<figure><img loading=\"lazy\" decoding=\"async\" class=\"alignnone wp-image-404 size-medium\" src=\"https:\/\/leschuna.de\/wp-content\/uploads\/2019\/03\/IMG_3781-300x225.jpg\" sizes=\"auto, (max-width: 300px) 100vw, 300px\" srcset=\"https:\/\/leschuna.de\/wp-content\/uploads\/2019\/03\/IMG_3781-300x225.jpg 300w, https:\/\/leschuna.de\/wp-content\/uploads\/2019\/03\/IMG_3781.jpg 640w\" alt=\"\" width=\"300\" height=\"225\"><\/figure><p><\/p>\n<div class=\"col-padding-small col-padding-small-xs description-container\" data-type=\"column\">\n<h4 class=\"font-500\"><strong>HIER LEBEN WIR<\/strong><\/h4>\n<p>Wir leben in einer liebevollen Gemeinschaft in der sich alle Bewohner mit Respekt und Achtsamkeit begegnen.<\/p>\n<div class=\"button-holder space-bottom space-bottom-small\" data-type=\"column\"><a class=\"button color1\" href=\"https:\/\/leschuna.de\/index.php\/hier-leben-wir\" target=\"_self\" rel=\"noopener noreferrer\">mehr<\/a><\/div>\n<\/div>\n<\/div>\n<\/div>\n<div class=\"col-sm-6 col-md-3\">\n<div class=\"card y-move no-padding bordered\">\n<figure><img loading=\"lazy\" decoding=\"async\" class=\"alignnone wp-image-406 size-medium\" src=\"https:\/\/leschuna.de\/wp-content\/uploads\/2019\/03\/IMG_0806-225x300.jpg\" sizes=\"auto, (max-width: 225px) 100vw, 225px\" srcset=\"https:\/\/leschuna.de\/wp-content\/uploads\/2019\/03\/IMG_0806-225x300.jpg 225w, https:\/\/leschuna.de\/wp-content\/uploads\/2019\/03\/IMG_0806-768x1024.jpg 768w, https:\/\/leschuna.de\/wp-content\/uploads\/2019\/03\/IMG_0806-1024x1365.jpg 1024w, https:\/\/leschuna.de\/wp-content\/uploads\/2019\/03\/IMG_0806-810x1080.jpg 810w\" alt=\"\" width=\"225\" height=\"300\"><\/figure><p><\/p>\n<div class=\"col-padding-small col-padding-small-xs description-container\" data-type=\"column\">\n<h4 class=\"font-500\"><strong>KONTAKT MIT UNS<\/strong><\/h4>\n<p>Uns stehen eine Vielzahl von Kommunikationsmitteln zur Verf\u00fcgung die eine Kontaktaufnahme zur LebensSchuleNatur und uns erm\u00f6glichen.<\/p>\n<div class=\"button-holder space-bottom space-bottom-small\" data-type=\"column\"><a class=\"button color1\" href=\"https:\/\/leschuna.de\/index.php\/so-kommunizieren-wir\" target=\"_self\" rel=\"noopener noreferrer\">mehr<\/a><\/div>\n<\/div>\n<\/div>\n<\/div>\n<div class=\"col-sm-6 col-md-3\">\n<div class=\"card y-move no-padding bordered\">\n<figure><img loading=\"lazy\" decoding=\"async\" class=\"alignnone wp-image-409 size-medium\" src=\"https:\/\/leschuna.de\/wp-content\/uploads\/2019\/03\/DSC_0487-300x199.jpg\" sizes=\"auto, (max-width: 300px) 100vw, 300px\" srcset=\"https:\/\/leschuna.de\/wp-content\/uploads\/2019\/03\/DSC_0487-300x199.jpg 300w, https:\/\/leschuna.de\/wp-content\/uploads\/2019\/03\/DSC_0487-768x511.jpg 768w, https:\/\/leschuna.de\/wp-content\/uploads\/2019\/03\/DSC_0487-1024x681.jpg 1024w\" alt=\"\" width=\"300\" height=\"199\"><\/figure><p><\/p>\n<div class=\"col-padding-small col-padding-small-xs description-container\" data-type=\"column\">\n<h4 class=\"font-500\"><strong>Mitgliedschaft<\/strong><\/h4>\n<p>Werde Mitglied tue etwas Gutes und erhalte viele Vorteile.<\/p>\n<div class=\"button-holder space-bottom space-bottom-small\" data-type=\"column\"><a href=\"https:\/\/leschuna.de\/index.php\/entdecke-die-lebensschulenatur-e-v\/\">mehr<\/a><\/div>\n<\/div>\n<\/div>\n<\/div>\n<\/div>\n<\/div>\n<\/div>\n\n\n\n<div id=\"team-1\" class=\"team-2 content-section content-section-spacing\" style=\"background-color: #ffffff;\" data-id=\"team--1\" data-category=\"team\" data-export-id=\"team-2\" data-label=\"Team\">\n<div class=\"gridContainer\">\n<div class=\"row text-center\">\n<div class=\"section-title-col\" data-type=\"column\">\n<h2 id=\"So-finden-Sie-uns\" class=\"\">SO FINDEN SIE UNS<\/h2>\n<p><strong>Bitte beachten:<\/strong> Die Zuwegung erfolgt \u00fcber den Molkenbachweg. Hier stehen nur begrenzt Parkpl\u00e4tze zur Verf\u00fcgung. Wir bitten Fahrzeuge direkt im Seitersweg zu parken.<\/p>\n<p class=\"lead\" style=\"text-align: center;\">LebensSchuleNatur e.V., Seitersweg 150, 64287 Darmstadt<\/p>\n<\/div>\n<\/div>\n<\/div>\n<\/div>\n\n\n\n<p class=\"has-text-align-center\"><iframe loading=\"lazy\" class=\"map\" style=\"border: 0px currentColor;\" src=\"https:\/\/www.google.com\/maps\/embed?pb=!1m18!1m12!1m3!1d2571.00780625576!2d8.679371315710805!3d49.87987997940064!2m3!1f0!2f0!3f0!3m2!1i1024!2i768!4f13.1!3m3!1m2!1s0x47bd703e0bb94027%3A0xf8636870966b3b55!2sSeitersweg+150%2C+64287+Darmstadt!5e0!3m2!1sde!2sde!4v1543576063302\" width=\"100%\" height=\"450\" frameborder=\"0\" allowfullscreen=\"allowfullscreen\"><\/iframe><\/p>\n\n\n\n<div id=\"features-3\" class=\"features-16 content-section content-section-spacing\" style=\"background-color: #ffffff;\" data-id=\"features--3\" data-category=\"features\" data-export-id=\"features-16\" data-label=\"Features\">\n<div class=\"gridContainer\">\n<div class=\"row spaced-cols\" data-type=\"row\">\n<div class=\"col-xs-12 col-sm-6 col-md-4 space-bottom\">\n<figure><img loading=\"lazy\" decoding=\"async\" class=\"size-full wp-image-119 aligncenter\" src=\"https:\/\/leschuna.de\/wp-content\/uploads\/2018\/12\/LebensSchuleNatur-Web-Icon-Location-gruen-100x100px.png\" alt=\"\" width=\"100\" height=\"100\"><\/figure><div class=\"col-padding-small col-padding-small-xs description-container\" data-type=\"column\">\n<h4 class=\"font-500\" style=\"text-align: center;\">ADRESSE<\/h4>\n<p class=\"\" style=\"text-align: center;\">LebensSchuleNatur gem.e.V.<\/p>\n<p class=\"\" style=\"text-align: center;\">Seitersweg 150<\/p>\n<p class=\"\" style=\"text-align: center;\">64287 Darmstadt<\/p>\n<\/div>\n<\/div>\n<div class=\"col-xs-12 col-sm-6 col-md-4 space-bottom\">\n<figure><img loading=\"lazy\" decoding=\"async\" class=\"size-full wp-image-120 aligncenter\" src=\"https:\/\/leschuna.de\/wp-content\/uploads\/2018\/12\/LebensSchuleNatur-Web-Icon-Clock-gruen-100x100px.png\" alt=\"\" width=\"100\" height=\"100\"><\/figure><div class=\"col-padding-small col-padding-small-xs description-container\" data-type=\"column\">\n<h4 class=\"font-500\" style=\"text-align: center;\">\u00d6FFNUNGSZEITEN<\/h4>\n<p class=\"\" style=\"text-align: center;\">Termine nach Vereinbarung<\/p>\n<\/div>\n<\/div>\n<div class=\"col-xs-12 col-sm-6 col-md-4 space-bottom\">\n<figure><img loading=\"lazy\" decoding=\"async\" class=\"size-full wp-image-121 aligncenter\" src=\"https:\/\/leschuna.de\/wp-content\/uploads\/2018\/12\/LebensSchuleNatur-Web-Icon-Phone-gruen-100x100px.png\" alt=\"\" width=\"100\" height=\"100\"><\/figure><div class=\"col-padding-small col-padding-small-xs description-container\" data-type=\"column\">\n<h4 class=\"font-500\" style=\"text-align: center;\">KONTAKT<\/h4>\n<p class=\"\" style=\"text-align: center;\"><strong>Telefon:<\/strong><br><strong>E-Mail:<\/strong> leschuna@web.de<\/p>\n<\/div>\n<\/div>\n<\/div>\n<\/div>\n<\/div>\n","protected":false},"excerpt":{"rendered":"<p>Prima Klima f\u00fcr Menschen, Tiere und Natur Jetzt neu: Buche bei uns einen Alpaka-Spaziergang direkt \u00fcber unsere Webseite! Probier es hier gerne direkt aus HERZLICH WILLKOMMEN IM VEREINLEbensSCHUleNAtur gem.e.V. Entdecke uns&#8230;&#8230; Der gemeinn\u00fctzige Verein LebensSchuleNatur hat es sich zur Aufgabe gemacht Menschen, Tiere und Natur einander n\u00e4her zu bringen. \u00dcber Selbsterfahrung und Bildungsworkshops gibt es&hellip; <br \/> <a class=\"read-more\" href=\"https:\/\/leschuna.de\/\">Weiterlesen<\/a><\/p>\n","protected":false},"author":1,"featured_media":0,"parent":0,"menu_order":0,"comment_status":"closed","ping_status":"closed","template":"page-templates\/homepage.php","meta":{"ngg_post_thumbnail":0,"footnotes":""},"class_list":["post-43","page","type-page","status-publish","hentry"],"_links":{"self":[{"href":"https:\/\/leschuna.de\/index.php\/wp-json\/wp\/v2\/pages\/43","targetHints":{"allow":["GET"]}}],"collection":[{"href":"https:\/\/leschuna.de\/index.php\/wp-json\/wp\/v2\/pages"}],"about":[{"href":"https:\/\/leschuna.de\/index.php\/wp-json\/wp\/v2\/types\/page"}],"author":[{"embeddable":true,"href":"https:\/\/leschuna.de\/index.php\/wp-json\/wp\/v2\/users\/1"}],"replies":[{"embeddable":true,"href":"https:\/\/leschuna.de\/index.php\/wp-json\/wp\/v2\/comments?post=43"}],"version-history":[{"count":92,"href":"https:\/\/leschuna.de\/index.php\/wp-json\/wp\/v2\/pages\/43\/revisions"}],"predecessor-version":[{"id":1196,"href":"https:\/\/leschuna.de\/index.php\/wp-json\/wp\/v2\/pages\/43\/revisions\/1196"}],"wp:attachment":[{"href":"https:\/\/leschuna.de\/index.php\/wp-json\/wp\/v2\/media?parent=43"}],"curies":[{"name":"wp","href":"https:\/\/api.w.org\/{rel}","templated":true}]}}