{"id":6,"date":"2018-11-27T10:46:27","date_gmt":"2018-11-27T10:46:27","guid":{"rendered":"https:\/\/leschuna.de\/?page_id=6"},"modified":"2026-01-22T09:44:20","modified_gmt":"2026-01-22T08:44:20","slug":"das-sind-wir","status":"publish","type":"page","link":"https:\/\/leschuna.de\/index.php\/das-sind-wir\/","title":{"rendered":"Das sind wir"},"content":{"rendered":"<div id=\"team-2\" class=\"team-5 content-section content-section-spacing\" style=\"background-color: #ffffff;\" data-id=\"team--2\" data-category=\"team\" data-export-id=\"team-5\" data-label=\"Team\">\n<div class=\"gridContainer\">\n<div class=\"row text-center\">\n<div class=\"section-title-col\" data-type=\"column\">\n<h2>DAS SIND WIR<\/h2>\n<p class=\"lead\">Hier stellen wir uns vor und sie bekommen die M\u00f6glichkeit, den jeweiligen Ansprechpartner f\u00fcr ihre Anliegen direkt zu kontaktieren.<\/p>\n<\/div>\n<\/div>\n<div class=\"row spaced-cols content-center-sm\" data-type=\"row\">\n<div class=\"col-xs-12 col-sm-6 col-md-3 col-padding\">\n<div class=\"row \">\n<div class=\"col-xs-12 col-sm-12\" data-type=\"column\">\n<div class=\"button-holder space-bottom space-bottom-small\" data-type=\"column\">&nbsp;<\/div>\n<\/div>\n<\/div>\n<\/div>\n<div class=\"col-xs-12 col-sm-6 col-md-3 col-padding\">\n<div class=\"row \">\n<div class=\"col-xs-12 col-sm-12\" data-type=\"column\">\n<p><img loading=\"lazy\" decoding=\"async\" class=\"alignnone size-medium wp-image-330\" src=\"https:\/\/leschuna.de\/wp-content\/uploads\/2018\/12\/DSC_0148-e1546012416823-199x300.jpg\" alt=\"\" width=\"199\" height=\"300\" srcset=\"https:\/\/leschuna.de\/wp-content\/uploads\/2018\/12\/DSC_0148-e1546012416823-199x300.jpg 199w, https:\/\/leschuna.de\/wp-content\/uploads\/2018\/12\/DSC_0148-e1546012416823-768x1155.jpg 768w, https:\/\/leschuna.de\/wp-content\/uploads\/2018\/12\/DSC_0148-e1546012416823-681x1024.jpg 681w, https:\/\/leschuna.de\/wp-content\/uploads\/2018\/12\/DSC_0148-e1546012416823-1024x1540.jpg 1024w, https:\/\/leschuna.de\/wp-content\/uploads\/2018\/12\/DSC_0148-e1546012416823-718x1080.jpg 718w\" sizes=\"auto, (max-width: 199px) 100vw, 199px\" \/><\/p>\n<h4 class=\"font-500\">DANIEL<\/h4>\n<p class=\"italic\">Recht und Finanzen<\/p>\n<p>Ein Teil der LebensSchuleNatur zu sein bedeutet mir sehr viel. Der Erhalt und die Schaffung von nat\u00fcrlichen Lebensr\u00e4umen sind Themen denen wir uns in der LebensSchuleNatur widmen.<\/p>\n<div class=\"button-holder space-bottom space-bottom-small\" data-type=\"column\"><a class=\"button color1\" href=\"https:\/\/leschuna.de\/index.php\/daniel\/\">mehr<\/a><\/div>\n<\/div>\n<\/div>\n<\/div>\n<div class=\"col-xs-12 col-sm-6 col-md-3 col-padding\">\n<div class=\"row \">\n<div class=\"col-xs-12 col-sm-12\" data-type=\"column\">\n<p><img loading=\"lazy\" decoding=\"async\" class=\"alignnone size-medium wp-image-332\" src=\"https:\/\/leschuna.de\/wp-content\/uploads\/2018\/12\/DSC_0848-e1546013876615-199x300.jpg\" alt=\"\" width=\"199\" height=\"300\" srcset=\"https:\/\/leschuna.de\/wp-content\/uploads\/2018\/12\/DSC_0848-e1546013876615-199x300.jpg 199w, https:\/\/leschuna.de\/wp-content\/uploads\/2018\/12\/DSC_0848-e1546013876615-768x1155.jpg 768w, https:\/\/leschuna.de\/wp-content\/uploads\/2018\/12\/DSC_0848-e1546013876615-681x1024.jpg 681w, https:\/\/leschuna.de\/wp-content\/uploads\/2018\/12\/DSC_0848-e1546013876615-1024x1540.jpg 1024w, https:\/\/leschuna.de\/wp-content\/uploads\/2018\/12\/DSC_0848-e1546013876615-718x1080.jpg 718w\" sizes=\"auto, (max-width: 199px) 100vw, 199px\" \/><\/p>\n<h4 class=\"font-500\">BEATE<\/h4>\n<p class=\"italic\">Initiatorin<\/p>\n<p>Wir freuen uns \u00fcber Jede\/n die\/der den Weg zu uns findet und zu unserem Lebensziel \u201eLeSchuNa\u201c einen Beitrag leisten will.<\/p>\n<div class=\"button-holder space-bottom space-bottom-small\" data-type=\"column\"><a class=\"button color1\" href=\"https:\/\/leschuna.de\/index.php\/beate\/\">mehr<\/a><\/div>\n<\/div>\n<\/div>\n<\/div>\n<div class=\"col-xs-12 col-sm-6 col-md-3 col-padding\">\n<div class=\"row \">\n<div class=\"col-xs-12 col-sm-12\" data-type=\"column\">\n<p><img loading=\"lazy\" decoding=\"async\" class=\"alignnone size-medium wp-image-335\" src=\"https:\/\/leschuna.de\/wp-content\/uploads\/2018\/12\/IMG_5038-e1546015367959-225x300.jpg\" alt=\"\" width=\"225\" height=\"300\"><\/p>\n<h4 class=\"font-500\">ELIZA<\/h4>\n<p class=\"italic\">Tierpflege und Betreuung<\/p>\n<p>Unseren Tieren ein liebevolles und artgerechtes Zuhause schaffen ist Herzenssache.<\/p>\n<div class=\"button-holder space-bottom space-bottom-small\" data-type=\"column\"><a class=\"button color1\" href=\"https:\/\/leschuna.de\/index.php\/eliza\/\">mehr<\/a><\/div>\n<\/div>\n<\/div>\n<\/div>\n<\/div>\n<\/div>\n<div class=\"gridContainer\">\n<div class=\"row spaced-cols content-center-sm\" data-type=\"row\">\n<div class=\"col-xs-12 col-sm-6 col-md-3 col-padding\">\n<div class=\"row \">\n<div class=\"col-xs-12 col-sm-12\" data-type=\"column\">\n<h4 class=\"font-500\"><img loading=\"lazy\" decoding=\"async\" class=\"alignnone size-medium wp-image-623\" src=\"https:\/\/leschuna.de\/wp-content\/uploads\/2020\/09\/DNPF0804-300x225.jpg\" alt=\"\" width=\"300\" height=\"225\" srcset=\"https:\/\/leschuna.de\/wp-content\/uploads\/2020\/09\/DNPF0804-300x225.jpg 300w, https:\/\/leschuna.de\/wp-content\/uploads\/2020\/09\/DNPF0804-1024x768.jpg 1024w, https:\/\/leschuna.de\/wp-content\/uploads\/2020\/09\/DNPF0804-768x576.jpg 768w, https:\/\/leschuna.de\/wp-content\/uploads\/2020\/09\/DNPF0804-1536x1152.jpg 1536w, https:\/\/leschuna.de\/wp-content\/uploads\/2020\/09\/DNPF0804-1440x1080.jpg 1440w, https:\/\/leschuna.de\/wp-content\/uploads\/2020\/09\/DNPF0804.jpg 1600w\" sizes=\"auto, (max-width: 300px) 100vw, 300px\" \/><\/h4>\n<h4 class=\"font-500\">UNSERE TIERE<\/h4>\n<p class=\"italic\">&#8230;<\/p>\n<p>Hier stellen sich unsere Tiere vor und Ihr k\u00f6nnt auch eine Patenschaft f\u00fcr uns \u00fcbernehmen&#8230;&#8230;.<\/p>\n<div class=\"button-holder space-bottom space-bottom-small\" data-type=\"column\"><a class=\"button color1\" href=\"https:\/\/leschuna.de\/index.php\/unsere-tiere\/\">mehr<\/a><\/div>\n<\/div>\n<\/div>\n<\/div>\n<\/div>\n<\/div>\n<\/div>\n","protected":false},"excerpt":{"rendered":"<p>DAS SIND WIR Hier stellen wir uns vor und sie bekommen die M\u00f6glichkeit, den jeweiligen Ansprechpartner f\u00fcr ihre Anliegen direkt zu kontaktieren. &nbsp; DANIEL Recht und Finanzen Ein Teil der LebensSchuleNatur zu sein bedeutet mir sehr viel. Der Erhalt und die Schaffung von nat\u00fcrlichen Lebensr\u00e4umen sind Themen denen wir uns in der LebensSchuleNatur widmen. mehr&hellip; <br \/> <a class=\"read-more\" href=\"https:\/\/leschuna.de\/index.php\/das-sind-wir\/\">Weiterlesen<\/a><\/p>\n","protected":false},"author":1,"featured_media":0,"parent":0,"menu_order":0,"comment_status":"closed","ping_status":"closed","template":"","meta":{"ngg_post_thumbnail":0,"footnotes":""},"class_list":["post-6","page","type-page","status-publish","hentry"],"_links":{"self":[{"href":"https:\/\/leschuna.de\/index.php\/wp-json\/wp\/v2\/pages\/6","targetHints":{"allow":["GET"]}}],"collection":[{"href":"https:\/\/leschuna.de\/index.php\/wp-json\/wp\/v2\/pages"}],"about":[{"href":"https:\/\/leschuna.de\/index.php\/wp-json\/wp\/v2\/types\/page"}],"author":[{"embeddable":true,"href":"https:\/\/leschuna.de\/index.php\/wp-json\/wp\/v2\/users\/1"}],"replies":[{"embeddable":true,"href":"https:\/\/leschuna.de\/index.php\/wp-json\/wp\/v2\/comments?post=6"}],"version-history":[{"count":30,"href":"https:\/\/leschuna.de\/index.php\/wp-json\/wp\/v2\/pages\/6\/revisions"}],"predecessor-version":[{"id":1147,"href":"https:\/\/leschuna.de\/index.php\/wp-json\/wp\/v2\/pages\/6\/revisions\/1147"}],"wp:attachment":[{"href":"https:\/\/leschuna.de\/index.php\/wp-json\/wp\/v2\/media?parent=6"}],"curies":[{"name":"wp","href":"https:\/\/api.w.org\/{rel}","templated":true}]}}