{"id":717,"date":"2020-09-21T14:01:28","date_gmt":"2020-09-21T12:01:28","guid":{"rendered":"https:\/\/leschuna.de\/?page_id=717"},"modified":"2026-01-22T09:53:29","modified_gmt":"2026-01-22T08:53:29","slug":"patenschaft-antragsformular","status":"publish","type":"page","link":"https:\/\/leschuna.de\/index.php\/patenschaft-antragsformular\/","title":{"rendered":"Patenschaft Antragsformular"},"content":{"rendered":"\n<p class=\"has-text-align-center\"><strong><span class=\"has-inline-color has-vivid-green-cyan-color\">Patenschaft Antrag<\/span><\/strong><\/p>\n\n\n\n<p class=\"has-text-align-center\">\u25a1 Ja ich m\u00f6chte eine Tier- oder Naturpatenschaft \u00fcbernehmen.<\/p>\n\n\n\n<p class=\"has-text-align-center\">Darmstadt, den:________________ Unterschrift:_____________________ <\/p>\n\n\n\n<p class=\"has-text-align-center\">Dieser Einverst\u00e4ndniserkl\u00e4rung kann jeder Zeit wiederrufen werden.<\/p>\n\n\n\n<p class=\"has-text-align-center\">Meine Kontaktdaten:<\/p>\n\n\n\n<p class=\"has-text-align-center\">Vorname:________________________Nachname:_______________________________<\/p>\n\n\n\n<p class=\"has-text-align-center\">Strasse:__________________________PLZ\/Ort:_________________________________<\/p>\n\n\n\n<p class=\"has-text-align-center\">Mobil (priv.)______________________Tel.:____________________________________<\/p>\n\n\n\n<p class=\"has-text-align-center\">Email (priv.)_____________________________________________________________<\/p>\n\n\n\n<p class=\"has-text-align-center\">\u25a1 Ich w\u00fcnsche die Patenschaft f\u00fcr ein&nbsp;Gro\u00dfpferd zum mtl. Beitrag v. 20,00 \u20ac<\/p>\n\n\n\n<p class=\"has-text-align-center\">\u25a1 Ich w\u00fcnsche die Patenschaft f\u00fcr ein&nbsp;Mini-Shettie zum mtl. Beitrag v. 15,00 \u20ac<\/p>\n\n\n\n<p class=\"has-text-align-center\">\u25a1 Ich w\u00fcnsche die Patenschaft f\u00fcr ein Lama zum mtl. Beitrag v. 15,00 \u20ac<\/p>\n\n\n\n<p class=\"has-text-align-center\">\u25a1 Ich w\u00fcnsche die Patenschaft f\u00fcr ein Alpaka zum mtl. Beitrag v.15,00 \u20ac<\/p>\n\n\n\n<p class=\"has-text-align-center\">\u25a1 Ich w\u00fcnsche die Patenschaft f\u00fcr ein Schafi zum mtl. Beitrag v. 10,00 \u20ac<\/p>\n\n\n\n<p class=\"has-text-align-center\">\u25a1 Ich w\u00fcnsche die Patenschaft f\u00fcr einen Baum oder Pflanzen in der LebensSchuleNatur,<\/p>\n\n\n\n<p class=\"has-text-align-center\">einmaliger Betrag&nbsp;in H\u00f6he v. mind. 10,00 \u20ac oder frei w\u00e4hlbar______________\u20ac<\/p>\n\n\n\n<p class=\"has-text-align-center\">Nach erhalt Ihres Patenschafts Antrag \u00fcbersenden wir Ihnen eine Patenschafts Urkunde mit Foto des jeweiligen Tieres und unsere Kontodaten, damit Sie einen Dauerauftrag f\u00fcr den Beitrag einrichten k\u00f6nnen. <\/p>\n\n\n\n<p class=\"has-text-align-center\">Den Antrag \u00fcbermitteln Sie bitte ausgedruckt&nbsp;an:&nbsp;&nbsp;&nbsp;&nbsp;&nbsp;&nbsp;&nbsp;&nbsp;&nbsp;&nbsp;&nbsp;&nbsp;&nbsp;&nbsp;&nbsp;&nbsp;&nbsp;&nbsp;&nbsp;&nbsp;&nbsp;&nbsp;&nbsp;&nbsp;&nbsp;&nbsp;&nbsp;&nbsp;&nbsp;&nbsp;&nbsp;&nbsp;&nbsp; LebensSchuleNatur, Seitersweg 150, 64287 Darmstadt.<\/p>\n\n\n\n<p class=\"has-text-align-center\">R\u00fcckfragen per E-Mail: leschuna@web.de<\/p>\n","protected":false},"excerpt":{"rendered":"<p>Patenschaft Antrag \u25a1 Ja ich m\u00f6chte eine Tier- oder Naturpatenschaft \u00fcbernehmen. Darmstadt, den:________________ Unterschrift:_____________________ Dieser Einverst\u00e4ndniserkl\u00e4rung kann jeder Zeit wiederrufen werden. Meine Kontaktdaten: Vorname:________________________Nachname:_______________________________ Strasse:__________________________PLZ\/Ort:_________________________________ Mobil (priv.)______________________Tel.:____________________________________ Email (priv.)_____________________________________________________________ \u25a1 Ich w\u00fcnsche die Patenschaft f\u00fcr ein&nbsp;Gro\u00dfpferd zum mtl. Beitrag v. 20,00 \u20ac \u25a1 Ich w\u00fcnsche die Patenschaft f\u00fcr ein&nbsp;Mini-Shettie zum mtl. Beitrag v. 15,00 \u20ac&hellip; <br \/> <a class=\"read-more\" href=\"https:\/\/leschuna.de\/index.php\/patenschaft-antragsformular\/\">Weiterlesen<\/a><\/p>\n","protected":false},"author":5,"featured_media":0,"parent":0,"menu_order":0,"comment_status":"closed","ping_status":"closed","template":"","meta":{"ngg_post_thumbnail":0,"footnotes":""},"class_list":["post-717","page","type-page","status-publish","hentry"],"_links":{"self":[{"href":"https:\/\/leschuna.de\/index.php\/wp-json\/wp\/v2\/pages\/717","targetHints":{"allow":["GET"]}}],"collection":[{"href":"https:\/\/leschuna.de\/index.php\/wp-json\/wp\/v2\/pages"}],"about":[{"href":"https:\/\/leschuna.de\/index.php\/wp-json\/wp\/v2\/types\/page"}],"author":[{"embeddable":true,"href":"https:\/\/leschuna.de\/index.php\/wp-json\/wp\/v2\/users\/5"}],"replies":[{"embeddable":true,"href":"https:\/\/leschuna.de\/index.php\/wp-json\/wp\/v2\/comments?post=717"}],"version-history":[{"count":18,"href":"https:\/\/leschuna.de\/index.php\/wp-json\/wp\/v2\/pages\/717\/revisions"}],"predecessor-version":[{"id":1152,"href":"https:\/\/leschuna.de\/index.php\/wp-json\/wp\/v2\/pages\/717\/revisions\/1152"}],"wp:attachment":[{"href":"https:\/\/leschuna.de\/index.php\/wp-json\/wp\/v2\/media?parent=717"}],"curies":[{"name":"wp","href":"https:\/\/api.w.org\/{rel}","templated":true}]}}