{"id":8,"date":"2018-11-27T10:46:36","date_gmt":"2018-11-27T10:46:36","guid":{"rendered":"https:\/\/leschuna.de\/?page_id=8"},"modified":"2018-11-29T09:59:22","modified_gmt":"2018-11-29T09:59:22","slug":"das-wollen-wir","status":"publish","type":"page","link":"https:\/\/leschuna.de\/index.php\/das-wollen-wir\/","title":{"rendered":"Das wollen wir"},"content":{"rendered":"<div id=\"team-2\" class=\"team-5 content-section content-section-spacing\" style=\"background-color: #ffffff;\" data-label=\"Team\" data-id=\"team--2\" data-export-id=\"team-5\" data-category=\"team\">\n<div class=\"gridContainer\">\n<div class=\"row text-center\">\n<div class=\"section-title-col\" data-type=\"column\">\n<h2 class=\"\">DAS WOLLEN WIR<\/h2>\n<p class=\"lead\">In der LebensSchuleNatur wollen wir leben und lernen, f\u00fcr und mit Menschen, mit Tieren und der Natur.<\/p>\n<\/div>\n<p>&nbsp;<\/p>\n<h3><em><b>Wir wollen\u2026,<\/b><\/em><\/h3>\n<p><b>\u2026,dass Du den <\/b><b>Weg zu <\/b><b>uns findest. Ab diesem Zeitpunkt gehen <\/b><b>wir <\/b><b>ein St\u00fcck des Weges gemeinsam <\/b><b>bis zum Erfolg.<\/b><\/p>\n<p><b>\u2026,dass Du in <\/b><b>der <\/b><b>LebensSchuleNatur<\/b><b> und mit den uns zur Verf\u00fcgung gestellten M\u00f6glichkeiten <\/b><b>zu Deinem \u201eAll-Eins-Sein\u201c finden kannst.<\/b><\/p>\n<p><b>\u2026,Kraftvoll <\/b><b>und in Harmonie mit den vier Jahreszeiten <\/b><b>die Verbindung schaffen zwischen <\/b><b>Menschen, <\/b><b>Tieren und der Natur<\/b><b>.<\/b><\/p>\n<p><b>\u2026,dass der <\/b><b>Mensch <\/b><b>sich <\/b><b>im Schutz unserer <\/b><b>LebensSchuleNatur<\/b><b> frei <\/b><b>entfalten kann.<\/b><\/p>\n<p>\u2026,unser gesamtes Tun im \u00f6konomischen Einklang mit der Umwelt leben.<\/p>\n<p>\u2026,Scheinbar unerreichbare Projekte gemeinsam verwirklichen damit sie\u00a0 am Ende kleine, vollbrachte Wunder sind.<\/p>\n<p>\u2026,dass W\u00fcnsche, Tr\u00e4ume, Trauer, Seelenleid, Trost, Liebeskummer, Freude, Lachen, Witz, Harmonie, Tr\u00e4nen, Schmerz, Kummer, Gef\u00fchle, Ideen, Gl\u00fcck, Jubel, Geborgenheit, Segen, Sch\u00f6nheit, Gesundheit, Vitalit\u00e4t, Kraft, St\u00e4rke, Baby, Kleinkind, Kind, Jugendlicher, Erwachsener, Mann, Frau, Jungsenioren, Senioren, Paare und s\u00e4mtliche Nationalit\u00e4ten ihren Raum bei uns finden k\u00f6nnen.<\/p>\n<\/div>\n<\/div>\n<\/div>\n","protected":false},"excerpt":{"rendered":"<p>DAS WOLLEN WIR In der LebensSchuleNatur wollen wir leben und lernen, f\u00fcr und mit Menschen, mit Tieren und der Natur. &nbsp; Wir wollen\u2026, \u2026,dass Du den Weg zu uns findest. Ab diesem Zeitpunkt gehen wir ein St\u00fcck des Weges gemeinsam bis zum Erfolg. \u2026,dass Du in der LebensSchuleNatur und mit den uns zur Verf\u00fcgung gestellten&hellip; <br \/> <a class=\"read-more\" href=\"https:\/\/leschuna.de\/index.php\/das-wollen-wir\/\">Weiterlesen<\/a><\/p>\n","protected":false},"author":1,"featured_media":0,"parent":0,"menu_order":0,"comment_status":"closed","ping_status":"closed","template":"","meta":{"ngg_post_thumbnail":0,"footnotes":""},"class_list":["post-8","page","type-page","status-publish","hentry"],"_links":{"self":[{"href":"https:\/\/leschuna.de\/index.php\/wp-json\/wp\/v2\/pages\/8","targetHints":{"allow":["GET"]}}],"collection":[{"href":"https:\/\/leschuna.de\/index.php\/wp-json\/wp\/v2\/pages"}],"about":[{"href":"https:\/\/leschuna.de\/index.php\/wp-json\/wp\/v2\/types\/page"}],"author":[{"embeddable":true,"href":"https:\/\/leschuna.de\/index.php\/wp-json\/wp\/v2\/users\/1"}],"replies":[{"embeddable":true,"href":"https:\/\/leschuna.de\/index.php\/wp-json\/wp\/v2\/comments?post=8"}],"version-history":[{"count":4,"href":"https:\/\/leschuna.de\/index.php\/wp-json\/wp\/v2\/pages\/8\/revisions"}],"predecessor-version":[{"id":177,"href":"https:\/\/leschuna.de\/index.php\/wp-json\/wp\/v2\/pages\/8\/revisions\/177"}],"wp:attachment":[{"href":"https:\/\/leschuna.de\/index.php\/wp-json\/wp\/v2\/media?parent=8"}],"curies":[{"name":"wp","href":"https:\/\/api.w.org\/{rel}","templated":true}]}}